{"id":43735,"date":"2021-05-26T13:01:24","date_gmt":"2021-05-26T13:01:24","guid":{"rendered":"https:\/\/www.kolshearith.org\/newsletters"},"modified":"2025-07-24T20:24:09","modified_gmt":"2025-07-24T20:24:09","slug":"newsletters","status":"publish","type":"page","link":"https:\/\/www.kolshearith.org\/en\/newsletters","title":{"rendered":"Newsletters"},"content":{"rendered":"\t\t<div data-elementor-type=\"wp-page\" data-elementor-id=\"43735\" class=\"elementor elementor-43735 elementor-1648\">\n\t\t\t\t\t\t<section class=\"elementor-section elementor-top-section elementor-element elementor-element-39ebb5bb elementor-section-boxed elementor-section-height-default elementor-section-height-default\" data-id=\"39ebb5bb\" data-element_type=\"section\" data-e-type=\"section\" data-settings=\"{&quot;background_background&quot;:&quot;classic&quot;}\">\n\t\t\t\t\t\t<div class=\"elementor-container elementor-column-gap-no\">\n\t\t\t\t\t<div class=\"elementor-column elementor-col-100 elementor-top-column elementor-element elementor-element-4d15987f\" data-id=\"4d15987f\" data-element_type=\"column\" data-e-type=\"column\">\n\t\t\t<div class=\"elementor-widget-wrap elementor-element-populated\">\n\t\t\t\t\t\t<div class=\"elementor-element elementor-element-2fdf6998 elementor-widget elementor-widget-heading\" data-id=\"2fdf6998\" data-element_type=\"widget\" data-e-type=\"widget\" data-widget_type=\"heading.default\">\n\t\t\t\t<div class=\"elementor-widget-container\">\n\t\t\t\t\t<h1 class=\"elementor-heading-title elementor-size-default\">Newsletters<\/h1>\t\t\t\t<\/div>\n\t\t\t\t<\/div>\n\t\t\t\t\t<\/div>\n\t\t<\/div>\n\t\t\t\t\t<\/div>\n\t\t<\/section>\n\t\t\t\t<section class=\"elementor-section elementor-top-section elementor-element elementor-element-7644268 elementor-section-boxed elementor-section-height-default elementor-section-height-default\" data-id=\"7644268\" data-element_type=\"section\" data-e-type=\"section\">\n\t\t\t\t\t\t<div class=\"elementor-container elementor-column-gap-default\">\n\t\t\t\t\t<div class=\"elementor-column elementor-col-100 elementor-top-column elementor-element elementor-element-eddbeba\" data-id=\"eddbeba\" data-element_type=\"column\" data-e-type=\"column\">\n\t\t\t<div class=\"elementor-widget-wrap elementor-element-populated\">\n\t\t\t\t\t\t<div class=\"elementor-element elementor-element-3460ad5 elementor-widget elementor-widget-spacer\" data-id=\"3460ad5\" data-element_type=\"widget\" data-e-type=\"widget\" data-widget_type=\"spacer.default\">\n\t\t\t\t<div class=\"elementor-widget-container\">\n\t\t\t\t\t\t\t<div class=\"elementor-spacer\">\n\t\t\t<div class=\"elementor-spacer-inner\"><\/div>\n\t\t<\/div>\n\t\t\t\t\t\t<\/div>\n\t\t\t\t<\/div>\n\t\t\t\t\t<\/div>\n\t\t<\/div>\n\t\t\t\t\t<\/div>\n\t\t<\/section>\n\t\t\t\t<section class=\"elementor-section elementor-top-section elementor-element elementor-element-74ca85a elementor-section-boxed elementor-section-height-default elementor-section-height-default\" data-id=\"74ca85a\" data-element_type=\"section\" data-e-type=\"section\">\n\t\t\t\t\t\t<div class=\"elementor-container elementor-column-gap-default\">\n\t\t\t\t\t<div class=\"elementor-column elementor-col-100 elementor-top-column elementor-element elementor-element-0c287d2\" data-id=\"0c287d2\" data-element_type=\"column\" data-e-type=\"column\">\n\t\t\t<div class=\"elementor-widget-wrap elementor-element-populated\">\n\t\t\t\t\t\t<div class=\"elementor-element elementor-element-552a245 elementor-grid-eael-col-4 elementor-grid-tablet-eael-col-2 elementor-grid-mobile-eael-col-1 elementor-widget elementor-widget-eael-post-grid\" data-id=\"552a245\" data-element_type=\"widget\" data-e-type=\"widget\" data-settings=\"{&quot;eael_post_grid_columns&quot;:&quot;eael-col-4&quot;,&quot;eael_post_grid_columns_tablet&quot;:&quot;eael-col-2&quot;,&quot;eael_post_grid_columns_mobile&quot;:&quot;eael-col-1&quot;}\" data-widget_type=\"eael-post-grid.default\">\n\t\t\t\t<div class=\"elementor-widget-container\">\n\t\t\t\t\t<div id=\"eael-post-grid-552a245\" class=\"eael-post-grid-container\">\n            <div class=\"eael-post-grid eael-post-appender eael-post-appender-552a245 eael-post-grid-style-one\" data-layout-mode=\"grid\"><article class=\"eael-grid-post  eael-post-grid-column eael-pg-post-43956 category-newsletters tags-ksi-en-2-newsletters\" data-id=\"43956\">\n        <div class=\"eael-grid-post-holder\">\n            <div class=\"eael-grid-post-holder-inner\"><div class=\"eael-entry-media\"><div class=\"eael-entry-overlay fade-in\"><i class=\"fas fa-long-arrow-alt-right\" aria-hidden=\"true\"><\/i><a href=\"https:\/\/www.kolshearith.org\/en\/2021\/06\/ksi-newsletter-2018.html\"><\/a><\/div><div class=\"eael-entry-thumbnail \">\n                <img fetchpriority=\"high\" decoding=\"async\" width=\"231\" height=\"300\" src=\"https:\/\/www.kolshearith.org\/wp-content\/uploads\/2021\/06\/boletin-ksi-2018-231x300.jpg\" class=\"attachment-medium size-medium wp-image-32535\" alt=\"\" srcset=\"https:\/\/www.kolshearith.org\/wp-content\/uploads\/2021\/06\/boletin-ksi-2018-231x300.jpg 231w, https:\/\/www.kolshearith.org\/wp-content\/uploads\/2021\/06\/boletin-ksi-2018-789x1024.jpg 789w, https:\/\/www.kolshearith.org\/wp-content\/uploads\/2021\/06\/boletin-ksi-2018-768x996.jpg 768w, https:\/\/www.kolshearith.org\/wp-content\/uploads\/2021\/06\/boletin-ksi-2018.jpg 888w\" sizes=\"(max-width: 231px) 100vw, 231px\" \/>\n            <\/div>\n        <\/div><div class=\"eael-entry-wrapper\"><header class=\"eael-entry-header\"><h2 class=\"eael-entry-title\"><a class=\"eael-grid-post-link\" href=\"https:\/\/www.kolshearith.org\/en\/2021\/06\/ksi-newsletter-2018.html\" title=\"KSI Newsletter 2018\">KSI Newsletter 2018<\/a><\/h2><\/header><div class=\"eael-entry-content\">\n                        <div class=\"eael-grid-post-excerpt\"><a href=\"https:\/\/www.kolshearith.org\/en\/2021\/06\/ksi-newsletter-2018.html\" class=\"eael-post-elements-readmore-btn\">Read more<\/a><\/div>\n                    <\/div><\/div><\/div>\n        <\/div>\n    <\/article><article class=\"eael-grid-post  eael-post-grid-column eael-pg-post-44063 category-newsletters tags-ksi-en-2-newsletters\" data-id=\"44063\">\n        <div class=\"eael-grid-post-holder\">\n            <div class=\"eael-grid-post-holder-inner\"><div class=\"eael-entry-media\"><div class=\"eael-entry-overlay fade-in\"><i class=\"fas fa-long-arrow-alt-right\" aria-hidden=\"true\"><\/i><a href=\"https:\/\/www.kolshearith.org\/en\/2021\/06\/ksi-newsletter-2017.html\"><\/a><\/div><div class=\"eael-entry-thumbnail \">\n                <img decoding=\"async\" width=\"232\" height=\"300\" src=\"https:\/\/www.kolshearith.org\/wp-content\/uploads\/2021\/06\/boletin-ksi-2017-232x300.jpg\" class=\"attachment-medium size-medium wp-image-32541\" alt=\"\" srcset=\"https:\/\/www.kolshearith.org\/wp-content\/uploads\/2021\/06\/boletin-ksi-2017-232x300.jpg 232w, https:\/\/www.kolshearith.org\/wp-content\/uploads\/2021\/06\/boletin-ksi-2017-793x1024.jpg 793w, https:\/\/www.kolshearith.org\/wp-content\/uploads\/2021\/06\/boletin-ksi-2017-768x992.jpg 768w, https:\/\/www.kolshearith.org\/wp-content\/uploads\/2021\/06\/boletin-ksi-2017.jpg 889w\" sizes=\"(max-width: 232px) 100vw, 232px\" \/>\n            <\/div>\n        <\/div><div class=\"eael-entry-wrapper\"><header class=\"eael-entry-header\"><h2 class=\"eael-entry-title\"><a class=\"eael-grid-post-link\" href=\"https:\/\/www.kolshearith.org\/en\/2021\/06\/ksi-newsletter-2017.html\" title=\"KSI Newsletter 2017\">KSI Newsletter 2017<\/a><\/h2><\/header><div class=\"eael-entry-content\">\n                        <div class=\"eael-grid-post-excerpt\"><a href=\"https:\/\/www.kolshearith.org\/en\/2021\/06\/ksi-newsletter-2017.html\" class=\"eael-post-elements-readmore-btn\">Read more<\/a><\/div>\n                    <\/div><\/div><\/div>\n        <\/div>\n    <\/article><article class=\"eael-grid-post  eael-post-grid-column eael-pg-post-43950 category-newsletters tags-ksi-en-2-newsletters\" data-id=\"43950\">\n        <div class=\"eael-grid-post-holder\">\n            <div class=\"eael-grid-post-holder-inner\"><div class=\"eael-entry-media\"><div class=\"eael-entry-overlay fade-in\"><i class=\"fas fa-long-arrow-alt-right\" aria-hidden=\"true\"><\/i><a href=\"https:\/\/www.kolshearith.org\/en\/2021\/06\/ksi-newsletter-2016.html\"><\/a><\/div><div class=\"eael-entry-thumbnail \">\n                <img decoding=\"async\" width=\"234\" height=\"300\" src=\"https:\/\/www.kolshearith.org\/wp-content\/uploads\/2021\/06\/boletin-ksi-2016-234x300.jpg\" class=\"attachment-medium size-medium wp-image-32540\" alt=\"\" srcset=\"https:\/\/www.kolshearith.org\/wp-content\/uploads\/2021\/06\/boletin-ksi-2016-234x300.jpg 234w, https:\/\/www.kolshearith.org\/wp-content\/uploads\/2021\/06\/boletin-ksi-2016-800x1024.jpg 800w, https:\/\/www.kolshearith.org\/wp-content\/uploads\/2021\/06\/boletin-ksi-2016-768x984.jpg 768w, https:\/\/www.kolshearith.org\/wp-content\/uploads\/2021\/06\/boletin-ksi-2016.jpg 894w\" sizes=\"(max-width: 234px) 100vw, 234px\" \/>\n            <\/div>\n        <\/div><div class=\"eael-entry-wrapper\"><header class=\"eael-entry-header\"><h2 class=\"eael-entry-title\"><a class=\"eael-grid-post-link\" href=\"https:\/\/www.kolshearith.org\/en\/2021\/06\/ksi-newsletter-2016.html\" title=\"KSI Newsletter 2016\">KSI Newsletter 2016<\/a><\/h2><\/header><div class=\"eael-entry-content\">\n                        <div class=\"eael-grid-post-excerpt\"><a href=\"https:\/\/www.kolshearith.org\/en\/2021\/06\/ksi-newsletter-2016.html\" class=\"eael-post-elements-readmore-btn\">Read more<\/a><\/div>\n                    <\/div><\/div><\/div>\n        <\/div>\n    <\/article><article class=\"eael-grid-post  eael-post-grid-column eael-pg-post-43951 category-newsletters tags-ksi-en-2-newsletters\" data-id=\"43951\">\n        <div class=\"eael-grid-post-holder\">\n            <div class=\"eael-grid-post-holder-inner\"><div class=\"eael-entry-media\"><div class=\"eael-entry-overlay fade-in\"><i class=\"fas fa-long-arrow-alt-right\" aria-hidden=\"true\"><\/i><a href=\"https:\/\/www.kolshearith.org\/en\/2021\/06\/ksi-newsletter-2015.html\"><\/a><\/div><div class=\"eael-entry-thumbnail \">\n                <img loading=\"lazy\" decoding=\"async\" width=\"232\" height=\"300\" src=\"https:\/\/www.kolshearith.org\/wp-content\/uploads\/2021\/06\/boletin-ksi-2015-232x300.jpg\" class=\"attachment-medium size-medium wp-image-32539\" alt=\"\" srcset=\"https:\/\/www.kolshearith.org\/wp-content\/uploads\/2021\/06\/boletin-ksi-2015-232x300.jpg 232w, https:\/\/www.kolshearith.org\/wp-content\/uploads\/2021\/06\/boletin-ksi-2015-791x1024.jpg 791w, https:\/\/www.kolshearith.org\/wp-content\/uploads\/2021\/06\/boletin-ksi-2015-768x995.jpg 768w, https:\/\/www.kolshearith.org\/wp-content\/uploads\/2021\/06\/boletin-ksi-2015.jpg 888w\" sizes=\"(max-width: 232px) 100vw, 232px\" \/>\n            <\/div>\n        <\/div><div class=\"eael-entry-wrapper\"><header class=\"eael-entry-header\"><h2 class=\"eael-entry-title\"><a class=\"eael-grid-post-link\" href=\"https:\/\/www.kolshearith.org\/en\/2021\/06\/ksi-newsletter-2015.html\" title=\"KSI Newsletter 2015\">KSI Newsletter 2015<\/a><\/h2><\/header><div class=\"eael-entry-content\">\n                        <div class=\"eael-grid-post-excerpt\"><a href=\"https:\/\/www.kolshearith.org\/en\/2021\/06\/ksi-newsletter-2015.html\" class=\"eael-post-elements-readmore-btn\">Read more<\/a><\/div>\n                    <\/div><\/div><\/div>\n        <\/div>\n    <\/article><article class=\"eael-grid-post  eael-post-grid-column eael-pg-post-43954 category-newsletters tags-ksi-en-2-newsletters\" data-id=\"43954\">\n        <div class=\"eael-grid-post-holder\">\n            <div class=\"eael-grid-post-holder-inner\"><div class=\"eael-entry-media\"><div class=\"eael-entry-overlay fade-in\"><i class=\"fas fa-long-arrow-alt-right\" aria-hidden=\"true\"><\/i><a href=\"https:\/\/www.kolshearith.org\/en\/2021\/06\/ksi-newsletter-2014.html\"><\/a><\/div><div class=\"eael-entry-thumbnail \">\n                <img loading=\"lazy\" decoding=\"async\" width=\"231\" height=\"300\" src=\"https:\/\/www.kolshearith.org\/wp-content\/uploads\/2021\/06\/boletin-ksi-2014-231x300.jpg\" class=\"attachment-medium size-medium wp-image-32538\" alt=\"\" srcset=\"https:\/\/www.kolshearith.org\/wp-content\/uploads\/2021\/06\/boletin-ksi-2014-231x300.jpg 231w, https:\/\/www.kolshearith.org\/wp-content\/uploads\/2021\/06\/boletin-ksi-2014-788x1024.jpg 788w, https:\/\/www.kolshearith.org\/wp-content\/uploads\/2021\/06\/boletin-ksi-2014-768x998.jpg 768w, https:\/\/www.kolshearith.org\/wp-content\/uploads\/2021\/06\/boletin-ksi-2014.jpg 887w\" sizes=\"(max-width: 231px) 100vw, 231px\" \/>\n            <\/div>\n        <\/div><div class=\"eael-entry-wrapper\"><header class=\"eael-entry-header\"><h2 class=\"eael-entry-title\"><a class=\"eael-grid-post-link\" href=\"https:\/\/www.kolshearith.org\/en\/2021\/06\/ksi-newsletter-2014.html\" title=\"KSI Newsletter 2014\">KSI Newsletter 2014<\/a><\/h2><\/header><div class=\"eael-entry-content\">\n                        <div class=\"eael-grid-post-excerpt\"><a href=\"https:\/\/www.kolshearith.org\/en\/2021\/06\/ksi-newsletter-2014.html\" class=\"eael-post-elements-readmore-btn\">Read more<\/a><\/div>\n                    <\/div><\/div><\/div>\n        <\/div>\n    <\/article><article class=\"eael-grid-post  eael-post-grid-column eael-pg-post-43949 category-newsletters tags-ksi-en-2-newsletters\" data-id=\"43949\">\n        <div class=\"eael-grid-post-holder\">\n            <div class=\"eael-grid-post-holder-inner\"><div class=\"eael-entry-media\"><div class=\"eael-entry-overlay fade-in\"><i class=\"fas fa-long-arrow-alt-right\" aria-hidden=\"true\"><\/i><a href=\"https:\/\/www.kolshearith.org\/en\/2021\/06\/ksi-newsletter-2013.html\"><\/a><\/div><div class=\"eael-entry-thumbnail \">\n                <img loading=\"lazy\" decoding=\"async\" width=\"232\" height=\"300\" src=\"https:\/\/www.kolshearith.org\/wp-content\/uploads\/2021\/06\/boletin-ksi-2013-232x300.jpg\" class=\"attachment-medium size-medium wp-image-32537\" alt=\"\" srcset=\"https:\/\/www.kolshearith.org\/wp-content\/uploads\/2021\/06\/boletin-ksi-2013-232x300.jpg 232w, https:\/\/www.kolshearith.org\/wp-content\/uploads\/2021\/06\/boletin-ksi-2013-792x1024.jpg 792w, https:\/\/www.kolshearith.org\/wp-content\/uploads\/2021\/06\/boletin-ksi-2013-768x993.jpg 768w, https:\/\/www.kolshearith.org\/wp-content\/uploads\/2021\/06\/boletin-ksi-2013.jpg 888w\" sizes=\"(max-width: 232px) 100vw, 232px\" \/>\n            <\/div>\n        <\/div><div class=\"eael-entry-wrapper\"><header class=\"eael-entry-header\"><h2 class=\"eael-entry-title\"><a class=\"eael-grid-post-link\" href=\"https:\/\/www.kolshearith.org\/en\/2021\/06\/ksi-newsletter-2013.html\" title=\"KSI Newsletter 2013\">KSI Newsletter 2013<\/a><\/h2><\/header><div class=\"eael-entry-content\">\n                        <div class=\"eael-grid-post-excerpt\"><a href=\"https:\/\/www.kolshearith.org\/en\/2021\/06\/ksi-newsletter-2013.html\" class=\"eael-post-elements-readmore-btn\">Read more<\/a><\/div>\n                    <\/div><\/div><\/div>\n        <\/div>\n    <\/article><\/div>\n            <div class=\"clearfix\"><\/div>\n        <\/div>\t\t\t\t<\/div>\n\t\t\t\t<\/div>\n\t\t\t\t\t<\/div>\n\t\t<\/div>\n\t\t\t\t\t<\/div>\n\t\t<\/section>\n\t\t\t\t<section class=\"elementor-section elementor-top-section elementor-element elementor-element-cc68d24 elementor-section-boxed elementor-section-height-default elementor-section-height-default\" data-id=\"cc68d24\" data-element_type=\"section\" data-e-type=\"section\">\n\t\t\t\t\t\t<div class=\"elementor-container elementor-column-gap-default\">\n\t\t\t\t\t<div class=\"elementor-column elementor-col-100 elementor-top-column elementor-element elementor-element-116b993\" data-id=\"116b993\" data-element_type=\"column\" data-e-type=\"column\">\n\t\t\t<div class=\"elementor-widget-wrap elementor-element-populated\">\n\t\t\t\t\t\t<div class=\"elementor-element elementor-element-052be7a elementor-widget elementor-widget-spacer\" data-id=\"052be7a\" data-element_type=\"widget\" data-e-type=\"widget\" data-widget_type=\"spacer.default\">\n\t\t\t\t<div class=\"elementor-widget-container\">\n\t\t\t\t\t\t\t<div class=\"elementor-spacer\">\n\t\t\t<div class=\"elementor-spacer-inner\"><\/div>\n\t\t<\/div>\n\t\t\t\t\t\t<\/div>\n\t\t\t\t<\/div>\n\t\t\t\t\t<\/div>\n\t\t<\/div>\n\t\t\t\t\t<\/div>\n\t\t<\/section>\n\t\t\t\t<\/div>\n\t\t","protected":false},"excerpt":{"rendered":"<p>Newsletters Bolet\u00edn KSI 2024 Read more Bolet\u00edn KSI 2023 Read more Bolet\u00edn KSI 2018 Read more Bolet\u00edn KSI 2017 Read more Bolet\u00edn KSI 2016 Read more Bolet\u00edn KSI 2015 Read more Bolet\u00edn KSI 2014 Read more Bolet\u00edn KSI 2013 Read more<\/p>\n","protected":false},"author":2,"featured_media":0,"parent":0,"menu_order":0,"comment_status":"closed","ping_status":"closed","template":"","meta":{"_eb_attr":"","_uag_custom_page_level_css":"","footnotes":""},"class_list":["post-43735","page","type-page","status-publish","hentry"],"yoast_head":"<!-- This site is optimized with the Yoast SEO plugin v27.4 - https:\/\/yoast.com\/product\/yoast-seo-wordpress\/ -->\n<title>Newsletters - Congregaci\u00f3n Kol Shearith Israel<\/title>\n<meta name=\"robots\" content=\"index, follow, max-snippet:-1, max-image-preview:large, max-video-preview:-1\" \/>\n<link rel=\"canonical\" href=\"https:\/\/www.kolshearith.org\/en\/newsletters\" \/>\n<meta property=\"og:locale\" content=\"en_US\" \/>\n<meta property=\"og:type\" content=\"article\" \/>\n<meta property=\"og:title\" content=\"Newsletters - Congregaci\u00f3n Kol Shearith Israel\" \/>\n<meta property=\"og:description\" content=\"Newsletters Bolet\u00edn KSI 2024 Read more Bolet\u00edn KSI 2023 Read more Bolet\u00edn KSI 2018 Read more Bolet\u00edn KSI 2017 Read more Bolet\u00edn KSI 2016 Read more Bolet\u00edn KSI 2015 Read more Bolet\u00edn KSI 2014 Read more Bolet\u00edn KSI 2013 Read more\" \/>\n<meta property=\"og:url\" content=\"https:\/\/www.kolshearith.org\/en\/newsletters\" \/>\n<meta property=\"og:site_name\" content=\"Congregaci\u00f3n Kol Shearith Israel\" \/>\n<meta property=\"article:modified_time\" content=\"2025-07-24T20:24:09+00:00\" \/>\n<meta property=\"og:image\" content=\"https:\/\/www.kolshearith.org\/wp-content\/uploads\/2024\/10\/BOLETIN-KSI-5785-PORTADA-210x300.png\" \/>\n<meta name=\"twitter:card\" content=\"summary_large_image\" \/>\n<script type=\"application\/ld+json\" class=\"yoast-schema-graph\">{\"@context\":\"https:\\\/\\\/schema.org\",\"@graph\":[{\"@type\":\"WebPage\",\"@id\":\"https:\\\/\\\/www.kolshearith.org\\\/en\\\/newsletters\",\"url\":\"https:\\\/\\\/www.kolshearith.org\\\/en\\\/newsletters\",\"name\":\"Newsletters - Congregaci\u00f3n Kol Shearith Israel\",\"isPartOf\":{\"@id\":\"https:\\\/\\\/www.kolshearith.org\\\/en#website\"},\"primaryImageOfPage\":{\"@id\":\"https:\\\/\\\/www.kolshearith.org\\\/en\\\/newsletters#primaryimage\"},\"image\":{\"@id\":\"https:\\\/\\\/www.kolshearith.org\\\/en\\\/newsletters#primaryimage\"},\"thumbnailUrl\":\"https:\\\/\\\/www.kolshearith.org\\\/wp-content\\\/uploads\\\/2024\\\/10\\\/BOLETIN-KSI-5785-PORTADA-210x300.png\",\"datePublished\":\"2021-05-26T13:01:24+00:00\",\"dateModified\":\"2025-07-24T20:24:09+00:00\",\"breadcrumb\":{\"@id\":\"https:\\\/\\\/www.kolshearith.org\\\/en\\\/newsletters#breadcrumb\"},\"inLanguage\":\"en-US\",\"potentialAction\":[{\"@type\":\"ReadAction\",\"target\":[\"https:\\\/\\\/www.kolshearith.org\\\/en\\\/newsletters\"]}]},{\"@type\":\"ImageObject\",\"inLanguage\":\"en-US\",\"@id\":\"https:\\\/\\\/www.kolshearith.org\\\/en\\\/newsletters#primaryimage\",\"url\":\"https:\\\/\\\/www.kolshearith.org\\\/wp-content\\\/uploads\\\/2024\\\/10\\\/BOLETIN-KSI-5785-PORTADA-210x300.png\",\"contentUrl\":\"https:\\\/\\\/www.kolshearith.org\\\/wp-content\\\/uploads\\\/2024\\\/10\\\/BOLETIN-KSI-5785-PORTADA-210x300.png\"},{\"@type\":\"BreadcrumbList\",\"@id\":\"https:\\\/\\\/www.kolshearith.org\\\/en\\\/newsletters#breadcrumb\",\"itemListElement\":[{\"@type\":\"ListItem\",\"position\":1,\"name\":\"Home\",\"item\":\"https:\\\/\\\/www.kolshearith.org\\\/en?page_id=43739\"},{\"@type\":\"ListItem\",\"position\":2,\"name\":\"Newsletters\"}]},{\"@type\":\"WebSite\",\"@id\":\"https:\\\/\\\/www.kolshearith.org\\\/en#website\",\"url\":\"https:\\\/\\\/www.kolshearith.org\\\/en\",\"name\":\"Congregaci\u00f3n Kol Shearith Israel\",\"description\":\"Congregaci\u00f3n Kol Shearith Israel\",\"publisher\":{\"@id\":\"https:\\\/\\\/www.kolshearith.org\\\/en#organization\"},\"potentialAction\":[{\"@type\":\"SearchAction\",\"target\":{\"@type\":\"EntryPoint\",\"urlTemplate\":\"https:\\\/\\\/www.kolshearith.org\\\/en?s={search_term_string}\"},\"query-input\":{\"@type\":\"PropertyValueSpecification\",\"valueRequired\":true,\"valueName\":\"search_term_string\"}}],\"inLanguage\":\"en-US\"},{\"@type\":\"Organization\",\"@id\":\"https:\\\/\\\/www.kolshearith.org\\\/en#organization\",\"name\":\"Congregaci\u00f3n Kol Shearith Israel\",\"url\":\"https:\\\/\\\/www.kolshearith.org\\\/en\",\"logo\":{\"@type\":\"ImageObject\",\"inLanguage\":\"en-US\",\"@id\":\"https:\\\/\\\/www.kolshearith.org\\\/en#\\\/schema\\\/logo\\\/image\\\/\",\"url\":\"https:\\\/\\\/www.kolshearith.org\\\/wp-content\\\/uploads\\\/2021\\\/03\\\/logo-Kol-Shearith-color-scaled.jpg\",\"contentUrl\":\"https:\\\/\\\/www.kolshearith.org\\\/wp-content\\\/uploads\\\/2021\\\/03\\\/logo-Kol-Shearith-color-scaled.jpg\",\"width\":1620,\"height\":2560,\"caption\":\"Congregaci\u00f3n Kol Shearith Israel\"},\"image\":{\"@id\":\"https:\\\/\\\/www.kolshearith.org\\\/en#\\\/schema\\\/logo\\\/image\\\/\"}}]}<\/script>\n<!-- \/ Yoast SEO plugin. -->","yoast_head_json":{"title":"Newsletters - Congregaci\u00f3n Kol Shearith Israel","robots":{"index":"index","follow":"follow","max-snippet":"max-snippet:-1","max-image-preview":"max-image-preview:large","max-video-preview":"max-video-preview:-1"},"canonical":"https:\/\/www.kolshearith.org\/en\/newsletters","og_locale":"en_US","og_type":"article","og_title":"Newsletters - Congregaci\u00f3n Kol Shearith Israel","og_description":"Newsletters Bolet\u00edn KSI 2024 Read more Bolet\u00edn KSI 2023 Read more Bolet\u00edn KSI 2018 Read more Bolet\u00edn KSI 2017 Read more Bolet\u00edn KSI 2016 Read more Bolet\u00edn KSI 2015 Read more Bolet\u00edn KSI 2014 Read more Bolet\u00edn KSI 2013 Read more","og_url":"https:\/\/www.kolshearith.org\/en\/newsletters","og_site_name":"Congregaci\u00f3n Kol Shearith Israel","article_modified_time":"2025-07-24T20:24:09+00:00","og_image":[{"url":"https:\/\/www.kolshearith.org\/wp-content\/uploads\/2024\/10\/BOLETIN-KSI-5785-PORTADA-210x300.png","type":"","width":"","height":""}],"twitter_card":"summary_large_image","schema":{"@context":"https:\/\/schema.org","@graph":[{"@type":"WebPage","@id":"https:\/\/www.kolshearith.org\/en\/newsletters","url":"https:\/\/www.kolshearith.org\/en\/newsletters","name":"Newsletters - Congregaci\u00f3n Kol Shearith Israel","isPartOf":{"@id":"https:\/\/www.kolshearith.org\/en#website"},"primaryImageOfPage":{"@id":"https:\/\/www.kolshearith.org\/en\/newsletters#primaryimage"},"image":{"@id":"https:\/\/www.kolshearith.org\/en\/newsletters#primaryimage"},"thumbnailUrl":"https:\/\/www.kolshearith.org\/wp-content\/uploads\/2024\/10\/BOLETIN-KSI-5785-PORTADA-210x300.png","datePublished":"2021-05-26T13:01:24+00:00","dateModified":"2025-07-24T20:24:09+00:00","breadcrumb":{"@id":"https:\/\/www.kolshearith.org\/en\/newsletters#breadcrumb"},"inLanguage":"en-US","potentialAction":[{"@type":"ReadAction","target":["https:\/\/www.kolshearith.org\/en\/newsletters"]}]},{"@type":"ImageObject","inLanguage":"en-US","@id":"https:\/\/www.kolshearith.org\/en\/newsletters#primaryimage","url":"https:\/\/www.kolshearith.org\/wp-content\/uploads\/2024\/10\/BOLETIN-KSI-5785-PORTADA-210x300.png","contentUrl":"https:\/\/www.kolshearith.org\/wp-content\/uploads\/2024\/10\/BOLETIN-KSI-5785-PORTADA-210x300.png"},{"@type":"BreadcrumbList","@id":"https:\/\/www.kolshearith.org\/en\/newsletters#breadcrumb","itemListElement":[{"@type":"ListItem","position":1,"name":"Home","item":"https:\/\/www.kolshearith.org\/en?page_id=43739"},{"@type":"ListItem","position":2,"name":"Newsletters"}]},{"@type":"WebSite","@id":"https:\/\/www.kolshearith.org\/en#website","url":"https:\/\/www.kolshearith.org\/en","name":"Congregaci\u00f3n Kol Shearith Israel","description":"Congregaci\u00f3n Kol Shearith Israel","publisher":{"@id":"https:\/\/www.kolshearith.org\/en#organization"},"potentialAction":[{"@type":"SearchAction","target":{"@type":"EntryPoint","urlTemplate":"https:\/\/www.kolshearith.org\/en?s={search_term_string}"},"query-input":{"@type":"PropertyValueSpecification","valueRequired":true,"valueName":"search_term_string"}}],"inLanguage":"en-US"},{"@type":"Organization","@id":"https:\/\/www.kolshearith.org\/en#organization","name":"Congregaci\u00f3n Kol Shearith Israel","url":"https:\/\/www.kolshearith.org\/en","logo":{"@type":"ImageObject","inLanguage":"en-US","@id":"https:\/\/www.kolshearith.org\/en#\/schema\/logo\/image\/","url":"https:\/\/www.kolshearith.org\/wp-content\/uploads\/2021\/03\/logo-Kol-Shearith-color-scaled.jpg","contentUrl":"https:\/\/www.kolshearith.org\/wp-content\/uploads\/2021\/03\/logo-Kol-Shearith-color-scaled.jpg","width":1620,"height":2560,"caption":"Congregaci\u00f3n Kol Shearith Israel"},"image":{"@id":"https:\/\/www.kolshearith.org\/en#\/schema\/logo\/image\/"}}]}},"uagb_featured_image_src":{"full":false,"thumbnail":false,"medium":false,"medium_large":false,"large":false,"1536x1536":false,"2048x2048":false},"uagb_author_info":{"display_name":"Cecilia MOY","author_link":"https:\/\/www.kolshearith.org\/en\/author\/ksi_simplify_moy"},"uagb_comment_info":0,"uagb_excerpt":"Newsletters Bolet\u00edn KSI 2024 Read more Bolet\u00edn KSI 2023 Read more Bolet\u00edn KSI 2018 Read more Bolet\u00edn KSI 2017 Read more Bolet\u00edn KSI 2016 Read more Bolet\u00edn KSI 2015 Read more Bolet\u00edn KSI 2014 Read more Bolet\u00edn KSI 2013 Read more","_links":{"self":[{"href":"https:\/\/www.kolshearith.org\/en\/wp-json\/wp\/v2\/pages\/43735","targetHints":{"allow":["GET"]}}],"collection":[{"href":"https:\/\/www.kolshearith.org\/en\/wp-json\/wp\/v2\/pages"}],"about":[{"href":"https:\/\/www.kolshearith.org\/en\/wp-json\/wp\/v2\/types\/page"}],"author":[{"embeddable":true,"href":"https:\/\/www.kolshearith.org\/en\/wp-json\/wp\/v2\/users\/2"}],"replies":[{"embeddable":true,"href":"https:\/\/www.kolshearith.org\/en\/wp-json\/wp\/v2\/comments?post=43735"}],"version-history":[{"count":0,"href":"https:\/\/www.kolshearith.org\/en\/wp-json\/wp\/v2\/pages\/43735\/revisions"}],"wp:attachment":[{"href":"https:\/\/www.kolshearith.org\/en\/wp-json\/wp\/v2\/media?parent=43735"}],"curies":[{"name":"wp","href":"https:\/\/api.w.org\/{rel}","templated":true}]}}