{"id":43732,"date":"2021-12-09T15:18:28","date_gmt":"2021-12-09T15:18:28","guid":{"rendered":"https:\/\/www.kolshearith.org\/parashah-of-the-week"},"modified":"2025-07-24T20:24:06","modified_gmt":"2025-07-24T20:24:06","slug":"parashah-of-the-week","status":"publish","type":"page","link":"https:\/\/www.kolshearith.org\/en\/parashah-of-the-week","title":{"rendered":"Parashah of the Week"},"content":{"rendered":"\t\t<div data-elementor-type=\"wp-page\" data-elementor-id=\"43732\" class=\"elementor elementor-43732 elementor-3098\">\n\t\t\t\t\t\t<section class=\"elementor-section elementor-top-section elementor-element elementor-element-39ebb5bb elementor-section-boxed elementor-section-height-default elementor-section-height-default\" data-id=\"39ebb5bb\" data-element_type=\"section\" data-e-type=\"section\" data-settings=\"{&quot;background_background&quot;:&quot;classic&quot;}\">\n\t\t\t\t\t\t<div class=\"elementor-container elementor-column-gap-no\">\n\t\t\t\t\t<div class=\"elementor-column elementor-col-100 elementor-top-column elementor-element elementor-element-4d15987f\" data-id=\"4d15987f\" data-element_type=\"column\" data-e-type=\"column\">\n\t\t\t<div class=\"elementor-widget-wrap elementor-element-populated\">\n\t\t\t\t\t\t<div class=\"elementor-element elementor-element-2fdf6998 elementor-widget elementor-widget-heading\" data-id=\"2fdf6998\" data-element_type=\"widget\" data-e-type=\"widget\" data-widget_type=\"heading.default\">\n\t\t\t\t<div class=\"elementor-widget-container\">\n\t\t\t\t\t<h1 class=\"elementor-heading-title elementor-size-default\">Parashah of the week<\/h1>\t\t\t\t<\/div>\n\t\t\t\t<\/div>\n\t\t\t\t\t<\/div>\n\t\t<\/div>\n\t\t\t\t\t<\/div>\n\t\t<\/section>\n\t\t\t\t<section class=\"elementor-section elementor-top-section elementor-element elementor-element-7644268 elementor-section-boxed elementor-section-height-default elementor-section-height-default\" data-id=\"7644268\" data-element_type=\"section\" data-e-type=\"section\">\n\t\t\t\t\t\t<div class=\"elementor-container elementor-column-gap-default\">\n\t\t\t\t\t<div class=\"elementor-column elementor-col-100 elementor-top-column elementor-element elementor-element-eddbeba\" data-id=\"eddbeba\" data-element_type=\"column\" data-e-type=\"column\">\n\t\t\t<div class=\"elementor-widget-wrap elementor-element-populated\">\n\t\t\t\t\t\t<div class=\"elementor-element elementor-element-3460ad5 elementor-widget elementor-widget-spacer\" data-id=\"3460ad5\" data-element_type=\"widget\" data-e-type=\"widget\" data-widget_type=\"spacer.default\">\n\t\t\t\t<div class=\"elementor-widget-container\">\n\t\t\t\t\t\t\t<div class=\"elementor-spacer\">\n\t\t\t<div class=\"elementor-spacer-inner\"><\/div>\n\t\t<\/div>\n\t\t\t\t\t\t<\/div>\n\t\t\t\t<\/div>\n\t\t\t\t\t<\/div>\n\t\t<\/div>\n\t\t\t\t\t<\/div>\n\t\t<\/section>\n\t\t\t\t<section class=\"elementor-section elementor-top-section elementor-element elementor-element-74ca85a elementor-section-boxed elementor-section-height-default elementor-section-height-default\" data-id=\"74ca85a\" data-element_type=\"section\" data-e-type=\"section\">\n\t\t\t\t\t\t<div class=\"elementor-container elementor-column-gap-default\">\n\t\t\t\t\t<div class=\"elementor-column elementor-col-100 elementor-top-column elementor-element elementor-element-0c287d2\" data-id=\"0c287d2\" data-element_type=\"column\" data-e-type=\"column\">\n\t\t\t<div class=\"elementor-widget-wrap elementor-element-populated\">\n\t\t\t\t\t\t<div class=\"elementor-element elementor-element-552a245 elementor-grid-eael-col-3 elementor-grid-tablet-eael-col-2 elementor-grid-mobile-eael-col-1 elementor-widget elementor-widget-eael-post-grid\" data-id=\"552a245\" data-element_type=\"widget\" data-e-type=\"widget\" data-settings=\"{&quot;eael_post_grid_columns&quot;:&quot;eael-col-3&quot;,&quot;eael_post_grid_columns_tablet&quot;:&quot;eael-col-2&quot;,&quot;eael_post_grid_columns_mobile&quot;:&quot;eael-col-1&quot;}\" data-widget_type=\"eael-post-grid.default\">\n\t\t\t\t<div class=\"elementor-widget-container\">\n\t\t\t\t\t<div id=\"eael-post-grid-552a245\" class=\"eael-post-grid-container\">\n            <div class=\"eael-post-grid eael-post-appender eael-post-appender-552a245 eael-post-grid-style-one\" data-layout-mode=\"grid\"><article class=\"eael-grid-post  eael-post-grid-column eael-pg-post-43953 category-parashah-of-the-week tags-parashah-of-the-week\" data-id=\"43953\">\n        <div class=\"eael-grid-post-holder\">\n            <div class=\"eael-grid-post-holder-inner\"><div class=\"eael-entry-media\"><div class=\"eael-entry-overlay fade-in\"><i class=\"fas fa-long-arrow-alt-right\" aria-hidden=\"true\"><\/i><a href=\"https:\/\/www.kolshearith.org\/en\/2021\/12\/ksi-comments-on-the-parashah-with-ana-garzon-on-parashat-bereshit.html\"><\/a><\/div><div class=\"eael-entry-thumbnail \">\n                <img decoding=\"async\" width=\"300\" height=\"119\" src=\"https:\/\/www.kolshearith.org\/wp-content\/uploads\/2021\/12\/CAPTURA-Bereshit-Ana-Garzon-300x119.png\" class=\"attachment-medium size-medium wp-image-39788\" alt=\"\" srcset=\"https:\/\/www.kolshearith.org\/wp-content\/uploads\/2021\/12\/CAPTURA-Bereshit-Ana-Garzon-300x119.png 300w, https:\/\/www.kolshearith.org\/wp-content\/uploads\/2021\/12\/CAPTURA-Bereshit-Ana-Garzon-1024x407.png 1024w, https:\/\/www.kolshearith.org\/wp-content\/uploads\/2021\/12\/CAPTURA-Bereshit-Ana-Garzon-768x306.png 768w, https:\/\/www.kolshearith.org\/wp-content\/uploads\/2021\/12\/CAPTURA-Bereshit-Ana-Garzon-1536x611.png 1536w, https:\/\/www.kolshearith.org\/wp-content\/uploads\/2021\/12\/CAPTURA-Bereshit-Ana-Garzon.png 1727w\" sizes=\"(max-width: 300px) 100vw, 300px\" \/>\n            <\/div>\n        <\/div><div class=\"eael-entry-wrapper\"><header class=\"eael-entry-header\"><h3 class=\"eael-entry-title\"><a class=\"eael-grid-post-link\" href=\"https:\/\/www.kolshearith.org\/en\/2021\/12\/ksi-comments-on-the-parashah-with-ana-garzon-on-parashat-bereshit.html\" title=\"KSI comments on the parashah with Ana Garz\u00f3n on Parashat Bereshit\">KSI comments on the parashah with Ana Garz\u00f3n on Parashat Bereshit<\/a><\/h3><\/header><div class=\"eael-entry-content\">\n                        <div class=\"eael-grid-post-excerpt\"><a href=\"https:\/\/www.kolshearith.org\/en\/2021\/12\/ksi-comments-on-the-parashah-with-ana-garzon-on-parashat-bereshit.html\" class=\"eael-post-elements-readmore-btn\">Watch video<\/a><\/div>\n                    <\/div><\/div><\/div>\n        <\/div>\n    <\/article><\/div>\n            <div class=\"clearfix\"><\/div>\n        <\/div>\t\t\t\t<\/div>\n\t\t\t\t<\/div>\n\t\t\t\t\t<\/div>\n\t\t<\/div>\n\t\t\t\t\t<\/div>\n\t\t<\/section>\n\t\t\t\t<section class=\"elementor-section elementor-top-section elementor-element elementor-element-cc68d24 elementor-section-boxed elementor-section-height-default elementor-section-height-default\" data-id=\"cc68d24\" data-element_type=\"section\" data-e-type=\"section\">\n\t\t\t\t\t\t<div class=\"elementor-container elementor-column-gap-default\">\n\t\t\t\t\t<div class=\"elementor-column elementor-col-100 elementor-top-column elementor-element elementor-element-116b993\" data-id=\"116b993\" data-element_type=\"column\" data-e-type=\"column\">\n\t\t\t<div class=\"elementor-widget-wrap elementor-element-populated\">\n\t\t\t\t\t\t<div class=\"elementor-element elementor-element-052be7a elementor-widget elementor-widget-spacer\" data-id=\"052be7a\" data-element_type=\"widget\" data-e-type=\"widget\" data-widget_type=\"spacer.default\">\n\t\t\t\t<div class=\"elementor-widget-container\">\n\t\t\t\t\t\t\t<div class=\"elementor-spacer\">\n\t\t\t<div class=\"elementor-spacer-inner\"><\/div>\n\t\t<\/div>\n\t\t\t\t\t\t<\/div>\n\t\t\t\t<\/div>\n\t\t\t\t\t<\/div>\n\t\t<\/div>\n\t\t\t\t\t<\/div>\n\t\t<\/section>\n\t\t\t\t<\/div>\n\t\t","protected":false},"excerpt":{"rendered":"<p>Parashah of the week KSI comenta: un minuto de la Parash\u00e1 &#8211; Oz Dietez McKail sobre Parashat Pinjas Watch video KSI comenta: un minuto de la Parash\u00e1 &#8211; Nessim Harrouche sobre Parashat Balak Watch video KSI comenta: un minuto de la Parash\u00e1 &#8211; Douglas Ochoa sobre Parashat Jukat Watch video KSI comenta: un minuto de &hellip;<\/p>\n<p class=\"read-more\"> <a class=\"\" href=\"https:\/\/www.kolshearith.org\/en\/2021\/12\/ksi-comments-on-the-parashah-with-ana-garzon-on-parashat-bereshit.html\"> <span class=\"screen-reader-text\">KSI comments on the parashah with Ana Garz\u00f3n on Parashat Bereshit<\/span> Read More &raquo;<\/a><\/p>\n","protected":false},"author":1,"featured_media":0,"parent":0,"menu_order":0,"comment_status":"closed","ping_status":"closed","template":"","meta":{"_eb_attr":"","_uag_custom_page_level_css":"","footnotes":""},"class_list":["post-43732","page","type-page","status-publish","hentry"],"yoast_head":"<!-- This site is optimized with the Yoast SEO plugin v27.4 - https:\/\/yoast.com\/product\/yoast-seo-wordpress\/ -->\n<title>Parashah of the Week - Congregaci\u00f3n Kol Shearith Israel<\/title>\n<meta name=\"robots\" content=\"index, follow, max-snippet:-1, max-image-preview:large, max-video-preview:-1\" \/>\n<link rel=\"canonical\" href=\"https:\/\/www.kolshearith.org\/en\/parashah-of-the-week\" \/>\n<meta property=\"og:locale\" content=\"en_US\" \/>\n<meta property=\"og:type\" content=\"article\" \/>\n<meta property=\"og:title\" content=\"Parashah of the Week - Congregaci\u00f3n Kol Shearith Israel\" \/>\n<meta property=\"og:description\" content=\"Parashah of the week KSI comenta: un minuto de la Parash\u00e1 &#8211; Oz Dietez McKail sobre Parashat Pinjas Watch video KSI comenta: un minuto de la Parash\u00e1 &#8211; Nessim Harrouche sobre Parashat Balak Watch video KSI comenta: un minuto de la Parash\u00e1 &#8211; Douglas Ochoa sobre Parashat Jukat Watch video KSI comenta: un minuto de &hellip; KSI comments on the parashah with Ana Garz\u00f3n on Parashat Bereshit Read More &raquo;\" \/>\n<meta property=\"og:url\" content=\"https:\/\/www.kolshearith.org\/en\/parashah-of-the-week\" \/>\n<meta property=\"og:site_name\" content=\"Congregaci\u00f3n Kol Shearith Israel\" \/>\n<meta property=\"article:modified_time\" content=\"2025-07-24T20:24:06+00:00\" \/>\n<meta property=\"og:image\" content=\"https:\/\/www.kolshearith.org\/wp-content\/uploads\/2025\/07\/Un-minuto-de-la-Parasha-Screenshot-PINJAS-Oz-Dietez-McKail-300x130.png\" \/>\n<meta name=\"twitter:card\" content=\"summary_large_image\" \/>\n<script type=\"application\/ld+json\" class=\"yoast-schema-graph\">{\"@context\":\"https:\\\/\\\/schema.org\",\"@graph\":[{\"@type\":\"WebPage\",\"@id\":\"https:\\\/\\\/www.kolshearith.org\\\/en\\\/parashah-of-the-week\",\"url\":\"https:\\\/\\\/www.kolshearith.org\\\/en\\\/parashah-of-the-week\",\"name\":\"Parashah of the Week - Congregaci\u00f3n Kol Shearith Israel\",\"isPartOf\":{\"@id\":\"https:\\\/\\\/www.kolshearith.org\\\/en#website\"},\"primaryImageOfPage\":{\"@id\":\"https:\\\/\\\/www.kolshearith.org\\\/en\\\/parashah-of-the-week#primaryimage\"},\"image\":{\"@id\":\"https:\\\/\\\/www.kolshearith.org\\\/en\\\/parashah-of-the-week#primaryimage\"},\"thumbnailUrl\":\"https:\\\/\\\/www.kolshearith.org\\\/wp-content\\\/uploads\\\/2025\\\/07\\\/Un-minuto-de-la-Parasha-Screenshot-PINJAS-Oz-Dietez-McKail-300x130.png\",\"datePublished\":\"2021-12-09T15:18:28+00:00\",\"dateModified\":\"2025-07-24T20:24:06+00:00\",\"breadcrumb\":{\"@id\":\"https:\\\/\\\/www.kolshearith.org\\\/en\\\/parashah-of-the-week#breadcrumb\"},\"inLanguage\":\"en-US\",\"potentialAction\":[{\"@type\":\"ReadAction\",\"target\":[\"https:\\\/\\\/www.kolshearith.org\\\/en\\\/parashah-of-the-week\"]}]},{\"@type\":\"ImageObject\",\"inLanguage\":\"en-US\",\"@id\":\"https:\\\/\\\/www.kolshearith.org\\\/en\\\/parashah-of-the-week#primaryimage\",\"url\":\"https:\\\/\\\/www.kolshearith.org\\\/wp-content\\\/uploads\\\/2025\\\/07\\\/Un-minuto-de-la-Parasha-Screenshot-PINJAS-Oz-Dietez-McKail-300x130.png\",\"contentUrl\":\"https:\\\/\\\/www.kolshearith.org\\\/wp-content\\\/uploads\\\/2025\\\/07\\\/Un-minuto-de-la-Parasha-Screenshot-PINJAS-Oz-Dietez-McKail-300x130.png\"},{\"@type\":\"BreadcrumbList\",\"@id\":\"https:\\\/\\\/www.kolshearith.org\\\/en\\\/parashah-of-the-week#breadcrumb\",\"itemListElement\":[{\"@type\":\"ListItem\",\"position\":1,\"name\":\"Home\",\"item\":\"https:\\\/\\\/www.kolshearith.org\\\/en?page_id=43739\"},{\"@type\":\"ListItem\",\"position\":2,\"name\":\"Parashah of the Week\"}]},{\"@type\":\"WebSite\",\"@id\":\"https:\\\/\\\/www.kolshearith.org\\\/en#website\",\"url\":\"https:\\\/\\\/www.kolshearith.org\\\/en\",\"name\":\"Congregaci\u00f3n Kol Shearith Israel\",\"description\":\"Congregaci\u00f3n Kol Shearith Israel\",\"publisher\":{\"@id\":\"https:\\\/\\\/www.kolshearith.org\\\/en#organization\"},\"potentialAction\":[{\"@type\":\"SearchAction\",\"target\":{\"@type\":\"EntryPoint\",\"urlTemplate\":\"https:\\\/\\\/www.kolshearith.org\\\/en?s={search_term_string}\"},\"query-input\":{\"@type\":\"PropertyValueSpecification\",\"valueRequired\":true,\"valueName\":\"search_term_string\"}}],\"inLanguage\":\"en-US\"},{\"@type\":\"Organization\",\"@id\":\"https:\\\/\\\/www.kolshearith.org\\\/en#organization\",\"name\":\"Congregaci\u00f3n Kol Shearith Israel\",\"url\":\"https:\\\/\\\/www.kolshearith.org\\\/en\",\"logo\":{\"@type\":\"ImageObject\",\"inLanguage\":\"en-US\",\"@id\":\"https:\\\/\\\/www.kolshearith.org\\\/en#\\\/schema\\\/logo\\\/image\\\/\",\"url\":\"https:\\\/\\\/www.kolshearith.org\\\/wp-content\\\/uploads\\\/2021\\\/03\\\/logo-Kol-Shearith-color-scaled.jpg\",\"contentUrl\":\"https:\\\/\\\/www.kolshearith.org\\\/wp-content\\\/uploads\\\/2021\\\/03\\\/logo-Kol-Shearith-color-scaled.jpg\",\"width\":1620,\"height\":2560,\"caption\":\"Congregaci\u00f3n Kol Shearith Israel\"},\"image\":{\"@id\":\"https:\\\/\\\/www.kolshearith.org\\\/en#\\\/schema\\\/logo\\\/image\\\/\"}}]}<\/script>\n<!-- \/ Yoast SEO plugin. -->","yoast_head_json":{"title":"Parashah of the Week - Congregaci\u00f3n Kol Shearith Israel","robots":{"index":"index","follow":"follow","max-snippet":"max-snippet:-1","max-image-preview":"max-image-preview:large","max-video-preview":"max-video-preview:-1"},"canonical":"https:\/\/www.kolshearith.org\/en\/parashah-of-the-week","og_locale":"en_US","og_type":"article","og_title":"Parashah of the Week - Congregaci\u00f3n Kol Shearith Israel","og_description":"Parashah of the week KSI comenta: un minuto de la Parash\u00e1 &#8211; Oz Dietez McKail sobre Parashat Pinjas Watch video KSI comenta: un minuto de la Parash\u00e1 &#8211; Nessim Harrouche sobre Parashat Balak Watch video KSI comenta: un minuto de la Parash\u00e1 &#8211; Douglas Ochoa sobre Parashat Jukat Watch video KSI comenta: un minuto de &hellip; KSI comments on the parashah with Ana Garz\u00f3n on Parashat Bereshit Read More &raquo;","og_url":"https:\/\/www.kolshearith.org\/en\/parashah-of-the-week","og_site_name":"Congregaci\u00f3n Kol Shearith Israel","article_modified_time":"2025-07-24T20:24:06+00:00","og_image":[{"url":"https:\/\/www.kolshearith.org\/wp-content\/uploads\/2025\/07\/Un-minuto-de-la-Parasha-Screenshot-PINJAS-Oz-Dietez-McKail-300x130.png","type":"","width":"","height":""}],"twitter_card":"summary_large_image","schema":{"@context":"https:\/\/schema.org","@graph":[{"@type":"WebPage","@id":"https:\/\/www.kolshearith.org\/en\/parashah-of-the-week","url":"https:\/\/www.kolshearith.org\/en\/parashah-of-the-week","name":"Parashah of the Week - Congregaci\u00f3n Kol Shearith Israel","isPartOf":{"@id":"https:\/\/www.kolshearith.org\/en#website"},"primaryImageOfPage":{"@id":"https:\/\/www.kolshearith.org\/en\/parashah-of-the-week#primaryimage"},"image":{"@id":"https:\/\/www.kolshearith.org\/en\/parashah-of-the-week#primaryimage"},"thumbnailUrl":"https:\/\/www.kolshearith.org\/wp-content\/uploads\/2025\/07\/Un-minuto-de-la-Parasha-Screenshot-PINJAS-Oz-Dietez-McKail-300x130.png","datePublished":"2021-12-09T15:18:28+00:00","dateModified":"2025-07-24T20:24:06+00:00","breadcrumb":{"@id":"https:\/\/www.kolshearith.org\/en\/parashah-of-the-week#breadcrumb"},"inLanguage":"en-US","potentialAction":[{"@type":"ReadAction","target":["https:\/\/www.kolshearith.org\/en\/parashah-of-the-week"]}]},{"@type":"ImageObject","inLanguage":"en-US","@id":"https:\/\/www.kolshearith.org\/en\/parashah-of-the-week#primaryimage","url":"https:\/\/www.kolshearith.org\/wp-content\/uploads\/2025\/07\/Un-minuto-de-la-Parasha-Screenshot-PINJAS-Oz-Dietez-McKail-300x130.png","contentUrl":"https:\/\/www.kolshearith.org\/wp-content\/uploads\/2025\/07\/Un-minuto-de-la-Parasha-Screenshot-PINJAS-Oz-Dietez-McKail-300x130.png"},{"@type":"BreadcrumbList","@id":"https:\/\/www.kolshearith.org\/en\/parashah-of-the-week#breadcrumb","itemListElement":[{"@type":"ListItem","position":1,"name":"Home","item":"https:\/\/www.kolshearith.org\/en?page_id=43739"},{"@type":"ListItem","position":2,"name":"Parashah of the Week"}]},{"@type":"WebSite","@id":"https:\/\/www.kolshearith.org\/en#website","url":"https:\/\/www.kolshearith.org\/en","name":"Congregaci\u00f3n Kol Shearith Israel","description":"Congregaci\u00f3n Kol Shearith Israel","publisher":{"@id":"https:\/\/www.kolshearith.org\/en#organization"},"potentialAction":[{"@type":"SearchAction","target":{"@type":"EntryPoint","urlTemplate":"https:\/\/www.kolshearith.org\/en?s={search_term_string}"},"query-input":{"@type":"PropertyValueSpecification","valueRequired":true,"valueName":"search_term_string"}}],"inLanguage":"en-US"},{"@type":"Organization","@id":"https:\/\/www.kolshearith.org\/en#organization","name":"Congregaci\u00f3n Kol Shearith Israel","url":"https:\/\/www.kolshearith.org\/en","logo":{"@type":"ImageObject","inLanguage":"en-US","@id":"https:\/\/www.kolshearith.org\/en#\/schema\/logo\/image\/","url":"https:\/\/www.kolshearith.org\/wp-content\/uploads\/2021\/03\/logo-Kol-Shearith-color-scaled.jpg","contentUrl":"https:\/\/www.kolshearith.org\/wp-content\/uploads\/2021\/03\/logo-Kol-Shearith-color-scaled.jpg","width":1620,"height":2560,"caption":"Congregaci\u00f3n Kol Shearith Israel"},"image":{"@id":"https:\/\/www.kolshearith.org\/en#\/schema\/logo\/image\/"}}]}},"uagb_featured_image_src":{"full":false,"thumbnail":false,"medium":false,"medium_large":false,"large":false,"1536x1536":false,"2048x2048":false},"uagb_author_info":{"display_name":"Kol Shearith Israel","author_link":"https:\/\/www.kolshearith.org\/en\/author\/ksi_web_kol"},"uagb_comment_info":0,"uagb_excerpt":"Parashah of the week KSI comenta: un minuto de la Parash\u00e1 &#8211; Oz Dietez McKail sobre Parashat Pinjas Watch video KSI comenta: un minuto de la Parash\u00e1 &#8211; Nessim Harrouche sobre Parashat Balak Watch video KSI comenta: un minuto de la Parash\u00e1 &#8211; Douglas Ochoa sobre Parashat Jukat Watch video KSI comenta: un minuto de&hellip;","_links":{"self":[{"href":"https:\/\/www.kolshearith.org\/en\/wp-json\/wp\/v2\/pages\/43732","targetHints":{"allow":["GET"]}}],"collection":[{"href":"https:\/\/www.kolshearith.org\/en\/wp-json\/wp\/v2\/pages"}],"about":[{"href":"https:\/\/www.kolshearith.org\/en\/wp-json\/wp\/v2\/types\/page"}],"author":[{"embeddable":true,"href":"https:\/\/www.kolshearith.org\/en\/wp-json\/wp\/v2\/users\/1"}],"replies":[{"embeddable":true,"href":"https:\/\/www.kolshearith.org\/en\/wp-json\/wp\/v2\/comments?post=43732"}],"version-history":[{"count":0,"href":"https:\/\/www.kolshearith.org\/en\/wp-json\/wp\/v2\/pages\/43732\/revisions"}],"wp:attachment":[{"href":"https:\/\/www.kolshearith.org\/en\/wp-json\/wp\/v2\/media?parent=43732"}],"curies":[{"name":"wp","href":"https:\/\/api.w.org\/{rel}","templated":true}]}}